{"id":1256,"date":"2024-01-29T11:08:48","date_gmt":"2024-01-29T10:08:48","guid":{"rendered":"https:\/\/preprod.yako-fitness.com\/histoire-valeurs"},"modified":"2024-04-08T10:17:37","modified_gmt":"2024-04-08T08:17:37","slug":"sobre-nosotros","status":"publish","type":"page","link":"https:\/\/preprod.yako-fitness.com\/es\/sobre-nosotros","title":{"rendered":"Sobre nosotros"},"content":{"rendered":"<nav id=\"menu-yako\" class=\"hidden lg:flex\">\n            <div class=\"bg-black text-white flex items-center p-2 rounded-l-xl\">\n                <span class=\"writing-vertical rotate-180 text-sm font-semibold \">Yako<\/span>\n            <\/div><ul class=\"bg-white py-8 pl-4 pr-2 min-w-[9rem] transition-all duration-300 hover:min-w-[14rem] shadow rounded-r-xl\"><li class=\" uppercase pb-1 font-semibold  \">\n\t\t\t\t<a class=\"flex items-center relative py-2 pr-3 rounded-xl transition-colors duration-300 hover:bg-black hover:text-white\" href=\"https:\/\/preprod.yako-fitness.com\/es\/yako\/yako-attitude-es\">\n\t\t\t\t\t\t\t\t<span class=\"yako-text items-center flex transition-transform duration-500 relative min-w-full\"> <svg class=\" ml-1.5\" enable-background=\"new 0 0 24 24\" height=\"24\" viewBox=\"0 0 24 24\" width=\"24\"\n\t\t\t\txmlns=\"http:\/\/www.w3.org\/2000\/svg\">\n\t\t\t\t\t<path fill=\"#B9D04B\"\n\t\t\t\t\td=\"m9.8 17.5c-.2 0-.4-.1-.5-.2-.3-.3-.3-.8 0-1.1l4.1-4.1c.1-.1.1-.3 0-.4l-4-4c-.3-.2-.3-.7 0-1s.8-.3 1.1 0l4 4c.7.7.7 1.8 0 2.5l-4.1 4.1c-.2.2-.4.2-.6.2z\"\n\t\t\t\t\ttransform=\"translate(0 -.02)\" \/>\n\t\t\t\t<\/svg> <span> <span class=\"normal-case yako_word\">Yako<\/span> Attitude <\/span> <span style=\"background-color: #B9D04B;\" class=\"yako-line-color absolute w-full h-px block left-0 bottom-0\"><\/span><\/span><\/a><\/li><li class=\" uppercase pb-1 font-semibold  \">\n\t\t\t\t<a class=\"flex items-center relative py-2 pr-3 rounded-xl transition-colors duration-300 hover:bg-black hover:text-white\" href=\"https:\/\/preprod.yako-fitness.com\/es\/yako\/yako-baila-es\">\n\t\t\t\t\t\t\t\t<span class=\"yako-text items-center flex transition-transform duration-500 relative min-w-full\"> <svg class=\" ml-1.5\" enable-background=\"new 0 0 24 24\" height=\"24\" viewBox=\"0 0 24 24\" width=\"24\"\n\t\t\t\txmlns=\"http:\/\/www.w3.org\/2000\/svg\">\n\t\t\t\t\t<path fill=\"#DD8D95\"\n\t\t\t\t\td=\"m9.8 17.5c-.2 0-.4-.1-.5-.2-.3-.3-.3-.8 0-1.1l4.1-4.1c.1-.1.1-.3 0-.4l-4-4c-.3-.2-.3-.7 0-1s.8-.3 1.1 0l4 4c.7.7.7 1.8 0 2.5l-4.1 4.1c-.2.2-.4.2-.6.2z\"\n\t\t\t\t\ttransform=\"translate(0 -.02)\" \/>\n\t\t\t\t<\/svg> <span> <span class=\"normal-case yako_word\">Yako<\/span> Baila <\/span> <span style=\"background-color: #DD8D95;\" class=\"yako-line-color absolute w-full h-px block left-0 bottom-0\"><\/span><\/span><\/a><\/li><li class=\" uppercase pb-1 font-semibold  \">\n\t\t\t\t<a class=\"flex items-center relative py-2 pr-3 rounded-xl transition-colors duration-300 hover:bg-black hover:text-white\" href=\"https:\/\/preprod.yako-fitness.com\/es\/yako\/yako-biking-es\">\n\t\t\t\t\t\t\t\t<span class=\"yako-text items-center flex transition-transform duration-500 relative min-w-full\"> <svg class=\" ml-1.5\" enable-background=\"new 0 0 24 24\" height=\"24\" viewBox=\"0 0 24 24\" width=\"24\"\n\t\t\t\txmlns=\"http:\/\/www.w3.org\/2000\/svg\">\n\t\t\t\t\t<path fill=\"#CAC5C4\"\n\t\t\t\t\td=\"m9.8 17.5c-.2 0-.4-.1-.5-.2-.3-.3-.3-.8 0-1.1l4.1-4.1c.1-.1.1-.3 0-.4l-4-4c-.3-.2-.3-.7 0-1s.8-.3 1.1 0l4 4c.7.7.7 1.8 0 2.5l-4.1 4.1c-.2.2-.4.2-.6.2z\"\n\t\t\t\t\ttransform=\"translate(0 -.02)\" \/>\n\t\t\t\t<\/svg> <span> <span class=\"normal-case yako_word\">Yako<\/span> Biking <\/span> <span style=\"background-color: #CAC5C4;\" class=\"yako-line-color absolute w-full h-px block left-0 bottom-0\"><\/span><\/span><\/a><\/li><li class=\" uppercase pb-1 font-semibold  \">\n\t\t\t\t<a class=\"flex items-center relative py-2 pr-3 rounded-xl transition-colors duration-300 hover:bg-black hover:text-white\" href=\"https:\/\/preprod.yako-fitness.com\/es\/yako\/yako-boxing-es\">\n\t\t\t\t\t\t\t\t<span class=\"yako-text items-center flex transition-transform duration-500 relative min-w-full\"> <svg class=\" ml-1.5\" enable-background=\"new 0 0 24 24\" height=\"24\" viewBox=\"0 0 24 24\" width=\"24\"\n\t\t\t\txmlns=\"http:\/\/www.w3.org\/2000\/svg\">\n\t\t\t\t\t<path fill=\"#B0587D\"\n\t\t\t\t\td=\"m9.8 17.5c-.2 0-.4-.1-.5-.2-.3-.3-.3-.8 0-1.1l4.1-4.1c.1-.1.1-.3 0-.4l-4-4c-.3-.2-.3-.7 0-1s.8-.3 1.1 0l4 4c.7.7.7 1.8 0 2.5l-4.1 4.1c-.2.2-.4.2-.6.2z\"\n\t\t\t\t\ttransform=\"translate(0 -.02)\" \/>\n\t\t\t\t<\/svg> <span> <span class=\"normal-case yako_word\">Yako<\/span> Boxing <\/span> <span style=\"background-color: #B0587D;\" class=\"yako-line-color absolute w-full h-px block left-0 bottom-0\"><\/span><\/span><\/a><\/li><li class=\" uppercase pb-1 font-semibold  \">\n\t\t\t\t<a class=\"flex items-center relative py-2 pr-3 rounded-xl transition-colors duration-300 hover:bg-black hover:text-white\" href=\"https:\/\/preprod.yako-fitness.com\/es\/yako\/yako-challenge-es\">\n\t\t\t\t\t\t\t\t<span class=\"yako-text items-center flex transition-transform duration-500 relative min-w-full\"> <svg class=\" ml-1.5\" enable-background=\"new 0 0 24 24\" height=\"24\" viewBox=\"0 0 24 24\" width=\"24\"\n\t\t\t\txmlns=\"http:\/\/www.w3.org\/2000\/svg\">\n\t\t\t\t\t<path fill=\"#E59E2D\"\n\t\t\t\t\td=\"m9.8 17.5c-.2 0-.4-.1-.5-.2-.3-.3-.3-.8 0-1.1l4.1-4.1c.1-.1.1-.3 0-.4l-4-4c-.3-.2-.3-.7 0-1s.8-.3 1.1 0l4 4c.7.7.7 1.8 0 2.5l-4.1 4.1c-.2.2-.4.2-.6.2z\"\n\t\t\t\t\ttransform=\"translate(0 -.02)\" \/>\n\t\t\t\t<\/svg> <span> <span class=\"normal-case yako_word\">Yako<\/span> Challenge <\/span> <span style=\"background-color: #E59E2D;\" class=\"yako-line-color absolute w-full h-px block left-0 bottom-0\"><\/span><\/span><\/a><\/li><li class=\" uppercase pb-1 font-semibold  \">\n\t\t\t\t<a class=\"flex items-center relative py-2 pr-3 rounded-xl transition-colors duration-300 hover:bg-black hover:text-white\" href=\"https:\/\/preprod.yako-fitness.com\/es\/yako\/yako-combat-es\">\n\t\t\t\t\t\t\t\t<span class=\"yako-text items-center flex transition-transform duration-500 relative min-w-full\"> <svg class=\" ml-1.5\" enable-background=\"new 0 0 24 24\" height=\"24\" viewBox=\"0 0 24 24\" width=\"24\"\n\t\t\t\txmlns=\"http:\/\/www.w3.org\/2000\/svg\">\n\t\t\t\t\t<path fill=\"#E62D27\"\n\t\t\t\t\td=\"m9.8 17.5c-.2 0-.4-.1-.5-.2-.3-.3-.3-.8 0-1.1l4.1-4.1c.1-.1.1-.3 0-.4l-4-4c-.3-.2-.3-.7 0-1s.8-.3 1.1 0l4 4c.7.7.7 1.8 0 2.5l-4.1 4.1c-.2.2-.4.2-.6.2z\"\n\t\t\t\t\ttransform=\"translate(0 -.02)\" \/>\n\t\t\t\t<\/svg> <span> <span class=\"normal-case yako_word\">Yako<\/span> Combat <\/span> <span style=\"background-color: #E62D27;\" class=\"yako-line-color absolute w-full h-px block left-0 bottom-0\"><\/span><\/span><\/a><\/li><li class=\" uppercase pb-1 font-semibold  \">\n\t\t\t\t<a class=\"flex items-center relative py-2 pr-3 rounded-xl transition-colors duration-300 hover:bg-black hover:text-white\" href=\"https:\/\/preprod.yako-fitness.com\/es\/yako\/yako-pilates-es\">\n\t\t\t\t\t\t\t\t<span class=\"yako-text items-center flex transition-transform duration-500 relative min-w-full\"> <svg class=\" ml-1.5\" enable-background=\"new 0 0 24 24\" height=\"24\" viewBox=\"0 0 24 24\" width=\"24\"\n\t\t\t\txmlns=\"http:\/\/www.w3.org\/2000\/svg\">\n\t\t\t\t\t<path fill=\"#EABCBB\"\n\t\t\t\t\td=\"m9.8 17.5c-.2 0-.4-.1-.5-.2-.3-.3-.3-.8 0-1.1l4.1-4.1c.1-.1.1-.3 0-.4l-4-4c-.3-.2-.3-.7 0-1s.8-.3 1.1 0l4 4c.7.7.7 1.8 0 2.5l-4.1 4.1c-.2.2-.4.2-.6.2z\"\n\t\t\t\t\ttransform=\"translate(0 -.02)\" \/>\n\t\t\t\t<\/svg> <span> <span class=\"normal-case yako_word\">Yako<\/span> Pilates <\/span> <span style=\"background-color: #EABCBB;\" class=\"yako-line-color absolute w-full h-px block left-0 bottom-0\"><\/span><\/span><\/a><\/li><li class=\" uppercase pb-1 font-semibold  \">\n\t\t\t\t<a class=\"flex items-center relative py-2 pr-3 rounded-xl transition-colors duration-300 hover:bg-black hover:text-white\" href=\"https:\/\/preprod.yako-fitness.com\/es\/yako\/yako-pump-es\">\n\t\t\t\t\t\t\t\t<span class=\"yako-text items-center flex transition-transform duration-500 relative min-w-full\"> <svg class=\" ml-1.5\" enable-background=\"new 0 0 24 24\" height=\"24\" viewBox=\"0 0 24 24\" width=\"24\"\n\t\t\t\txmlns=\"http:\/\/www.w3.org\/2000\/svg\">\n\t\t\t\t\t<path fill=\"#F9DD0C\"\n\t\t\t\t\td=\"m9.8 17.5c-.2 0-.4-.1-.5-.2-.3-.3-.3-.8 0-1.1l4.1-4.1c.1-.1.1-.3 0-.4l-4-4c-.3-.2-.3-.7 0-1s.8-.3 1.1 0l4 4c.7.7.7 1.8 0 2.5l-4.1 4.1c-.2.2-.4.2-.6.2z\"\n\t\t\t\t\ttransform=\"translate(0 -.02)\" \/>\n\t\t\t\t<\/svg> <span> <span class=\"normal-case yako_word\">Yako<\/span> Pump <\/span> <span style=\"background-color: #F9DD0C;\" class=\"yako-line-color absolute w-full h-px block left-0 bottom-0\"><\/span><\/span><\/a><\/li><li class=\" uppercase pb-1 font-semibold  \">\n\t\t\t\t<a class=\"flex items-center relative py-2 pr-3 rounded-xl transition-colors duration-300 hover:bg-black hover:text-white\" href=\"https:\/\/preprod.yako-fitness.com\/es\/yako\/yako-up-es\">\n\t\t\t\t\t\t\t\t<span class=\"yako-text items-center flex transition-transform duration-500 relative min-w-full\"> <svg class=\" ml-1.5\" enable-background=\"new 0 0 24 24\" height=\"24\" viewBox=\"0 0 24 24\" width=\"24\"\n\t\t\t\txmlns=\"http:\/\/www.w3.org\/2000\/svg\">\n\t\t\t\t\t<path fill=\"#77CBEA\"\n\t\t\t\t\td=\"m9.8 17.5c-.2 0-.4-.1-.5-.2-.3-.3-.3-.8 0-1.1l4.1-4.1c.1-.1.1-.3 0-.4l-4-4c-.3-.2-.3-.7 0-1s.8-.3 1.1 0l4 4c.7.7.7 1.8 0 2.5l-4.1 4.1c-.2.2-.4.2-.6.2z\"\n\t\t\t\t\ttransform=\"translate(0 -.02)\" \/>\n\t\t\t\t<\/svg> <span> <span class=\"normal-case yako_word\">Yako<\/span> Up <\/span> <span style=\"background-color: #77CBEA;\" class=\"yako-line-color absolute w-full h-px block left-0 bottom-0\"><\/span><\/span><\/a><\/li><li class=\" uppercase pb-1 font-semibold  \">\n\t\t\t\t<a class=\"flex items-center relative py-2 pr-3 rounded-xl transition-colors duration-300 hover:bg-black hover:text-white\" href=\"https:\/\/preprod.yako-fitness.com\/es\/yako\/yako-yoga-es\">\n\t\t\t\t\t\t\t\t<span class=\"yako-text items-center flex transition-transform duration-500 relative min-w-full\"> <svg class=\" ml-1.5\" enable-background=\"new 0 0 24 24\" height=\"24\" viewBox=\"0 0 24 24\" width=\"24\"\n\t\t\t\txmlns=\"http:\/\/www.w3.org\/2000\/svg\">\n\t\t\t\t\t<path fill=\"#F6AB7B\"\n\t\t\t\t\td=\"m9.8 17.5c-.2 0-.4-.1-.5-.2-.3-.3-.3-.8 0-1.1l4.1-4.1c.1-.1.1-.3 0-.4l-4-4c-.3-.2-.3-.7 0-1s.8-.3 1.1 0l4 4c.7.7.7 1.8 0 2.5l-4.1 4.1c-.2.2-.4.2-.6.2z\"\n\t\t\t\t\ttransform=\"translate(0 -.02)\" \/>\n\t\t\t\t<\/svg> <span> <span class=\"normal-case yako_word\">Yako<\/span> Yoga <\/span> <span style=\"background-color: #F6AB7B;\" class=\"yako-line-color absolute w-full h-px block left-0 bottom-0\"><\/span><\/span><\/a><\/li><\/ul><\/nav>\n\n\n\n<div class=\"wp-block-cover is-light\"><span aria-hidden=\"true\" class=\"wp-block-cover__background has-background-dim-40 has-background-dim\"><\/span><img decoding=\"async\" width=\"1728\" height=\"900\" class=\"wp-block-cover__image-background wp-image-136\" alt=\"\" src=\"https:\/\/preprod.yako-fitness.com\/wp-content\/uploads\/2024\/02\/banniere-histoire-valeurs.jpg\" data-object-fit=\"cover\" srcset=\"https:\/\/preprod.yako-fitness.com\/wp-content\/uploads\/2024\/02\/banniere-histoire-valeurs.jpg 1728w, https:\/\/preprod.yako-fitness.com\/wp-content\/uploads\/2024\/02\/banniere-histoire-valeurs-300x156.jpg 300w, https:\/\/preprod.yako-fitness.com\/wp-content\/uploads\/2024\/02\/banniere-histoire-valeurs-1024x533.jpg 1024w, https:\/\/preprod.yako-fitness.com\/wp-content\/uploads\/2024\/02\/banniere-histoire-valeurs-768x400.jpg 768w\" sizes=\"(max-width: 1728px) 100vw, 1728px\" \/><div class=\"wp-block-cover__inner-container is-layout-constrained wp-block-cover-is-layout-constrained\">\n<h1 class=\"wp-block-heading has-text-align-center has-white-color has-text-color has-link-color wp-elements-2824ee819eca6681b3a6bed7249adaa5\" style=\"text-transform:uppercase\"><strong>Sobre<\/strong> <br><strong>nosotros<\/strong><\/h1>\n\n\n\n\t<div class=\"wp-block-buttons is-content-justification-center is-layout-flex wp-container-core-buttons-layout-1 wp-block-buttons-is-layout-flex\">\n\t<div class=\"wp-block-button is-style-video-button\"><button class=\"open-lightbox-link-hls\"  aria-label=\"ver el v\u00eddeo\"   data-dash-url=\"https:\/\/play.vod2.infomaniak.com\/hls\/1jhvl2uqo27g6\/1jhvl2upzwrgz\/,1jhvl2uqo27hb,1jhvl2uqo27h9,1jhvl2uqo27h3,1jhvl2uqo27h7,1jhvl2uqo27h5,.urlset\/manifest.m3u8\"><span><\/span><span>ver el v\u00eddeo<\/span><span><\/span><\/button><\/div><\/div>\n\t\n<\/div><\/div>\n\n\n\n<div class=\"wp-block-columns alignwide has-black-background-color has-background is-layout-flex wp-container-core-columns-is-layout-9d6595d7 wp-block-columns-is-layout-flex\" id=\"definition-yako\">\n<div class=\"wp-block-column is-vertically-aligned-center has-white-color has-text-color has-link-color wp-elements-51b9e85fe57aac88f1df02cccf9de7ac is-content-justification-left is-layout-constrained wp-container-core-column-is-layout-7f941f0a wp-block-column-is-layout-constrained\">\n<h2 class=\"wp-block-heading has-text-align-right\">La definici\u00f3n de Yako<br>de acuerdo R\u00e9my Huleux<\/h2>\n\n\n\n<p>&#8220;Las clases colectivas YAKO no est\u00e1n asociadas a la noci\u00f3n de competici\u00f3n o rendimiento, sino que pretenden ser divertidas y sin\u00f3nimo de accesibilidad para todos, de deporte para todos. Las clases Yako son entretenimiento, diversi\u00f3n, placer, compartir y una gran variedad de conceptos&#8230; Esto no resta nada a la calidad y profesionalidad de los cursos. Est\u00e1n dise\u00f1ados para ayudar a las personas a desarrollarse con total seguridad. <strong>Nuestros entrenadores<\/strong> est\u00e1n obligados a formarse en cada Yako para poder ense\u00f1arlo y como siguen las nuevas ediciones cada 2 meses&#8230; <strong>est\u00e1n en formaci\u00f3n continua todo el a\u00f1o<\/strong>. <\/p>\n\n\n\n<p><strong>Nuestros programas<\/strong> est\u00e1n dise\u00f1ados para <strong>responder a las necesidades<\/strong> de nuestros alumnos, para situarles en el centro de la clase, por eso pedimos a nuestros entrenadores que salgan a corregirles. No tienen por qu\u00e9 quedarse en lo alto de sus podios&#8221;.<\/p>\n\n\n\n<div class=\"wp-block-buttons is-content-justification-center is-layout-flex wp-container-core-buttons-is-layout-16018d1d wp-block-buttons-is-layout-flex\">\n<div class=\"wp-block-button\" style=\"text-transform:uppercase\"><a class=\"wp-block-button__link wp-element-button\" href=\"https:\/\/preprod.yako-fitness.com\/es\/yako\">DESCUBRE YAKO<\/a><\/div>\n<\/div>\n<\/div>\n\n\n\n<div class=\"wp-block-column is-layout-flow wp-block-column-is-layout-flow\">\n<div class=\"wp-block-cover\" style=\"min-height:860px;aspect-ratio:unset;\"><span aria-hidden=\"true\" class=\"wp-block-cover__background has-background-dim-0 has-background-dim\"><\/span><img decoding=\"async\" width=\"912\" height=\"869\" class=\"wp-block-cover__image-background wp-image-107\" alt=\"\" src=\"https:\/\/preprod.yako-fitness.com\/wp-content\/uploads\/2024\/02\/definition-remy.jpg\" data-object-fit=\"cover\" srcset=\"https:\/\/preprod.yako-fitness.com\/wp-content\/uploads\/2024\/02\/definition-remy.jpg 912w, https:\/\/preprod.yako-fitness.com\/wp-content\/uploads\/2024\/02\/definition-remy-768x732.jpg 768w\" sizes=\"(max-width: 912px) 100vw, 912px\" \/><div class=\"wp-block-cover__inner-container is-layout-constrained wp-block-cover-is-layout-constrained\">\n<blockquote class=\"wp-block-quote has-gray-light-color has-text-color has-link-color wp-elements-e254931ad6e00e8be7a58d758b040676 is-layout-flow wp-block-quote-is-layout-flow\">\n<p class=\"has-text-align-left\" style=\"font-size:16px\"><em>&#8220;YAKO es una palabra de origen africano <\/em><br><em>que significa ayuda mutua, apoyo&#8230; &#8220;.<\/em><\/p>\n<cite><a href=\"https:\/\/preprod.yako-fitness.com\/es\/team\/remy-huleux\">R\u00e9my HULEUX, Director art\u00edstico<\/a><\/cite><\/blockquote>\n<\/div><\/div>\n<\/div>\n<\/div>\n\n\n\n<div id=\"historique\" class=\"wp-block-group is-content-justification-right is-layout-constrained wp-container-core-group-is-layout-07b51d56 wp-block-group-is-layout-constrained\">\n<h2 class=\"wp-block-heading has-text-align-right\"><strong>HISTORIA<\/strong> <br>de la creaci\u00f3n de cursos<\/h2>\n\n\n\n<div class=\"wp-block-group is-layout-constrained wp-block-group-is-layout-constrained\">\n<ul class=\"wp-block-list\">\n<li><strong>2000<\/strong><img decoding=\"async\" width=\"54\" height=\"54\" class=\"wp-image-173\" style=\"width: 54px;\" src=\"https:\/\/preprod.yako-fitness.com\/wp-content\/uploads\/2024\/02\/y-pump.svg\" alt=\"YAKO Pump\">Creaci\u00f3n de <strong>YAKO Pump<\/strong><\/li>\n\n\n\n<li><strong>2005<\/strong><img decoding=\"async\" width=\"54\" height=\"54\" class=\"wp-image-180\" style=\"width: 54px;\" src=\"https:\/\/preprod.yako-fitness.com\/wp-content\/uploads\/2024\/02\/y-attitude.svg\" alt=\"YAKO Attitude\">Creaci\u00f3n de <strong>YAKO Attitude<\/strong><\/li>\n\n\n\n<li><strong>2006<\/strong><img decoding=\"async\" width=\"54\" height=\"54\" class=\"wp-image-182\" style=\"width: 54px;\" src=\"https:\/\/preprod.yako-fitness.com\/wp-content\/uploads\/2024\/02\/y-jump.svg\" alt=\"YAKO Jump\">Creaci\u00f3n de <strong>YAKO Jump<\/strong><\/li>\n\n\n\n<li><strong>2009<\/strong><img decoding=\"async\" width=\"54\" height=\"54\" class=\"wp-image-184\" style=\"width: 54px;\" src=\"https:\/\/preprod.yako-fitness.com\/wp-content\/uploads\/2024\/02\/y-combat.svg\" alt=\"YAKO Combat\">Creaci\u00f3n de <strong>YAKO Combat<\/strong><\/li>\n\n\n\n<li><strong>2010<\/strong><img decoding=\"async\" width=\"54\" height=\"54\" class=\"wp-image-757\" style=\"width: 54px;\" src=\"https:\/\/preprod.yako-fitness.com\/wp-content\/uploads\/2024\/02\/y-baila.svg\" alt=\"y baila\">Creaci\u00f3n de <strong>YAKO Baila<\/strong><\/li>\n\n\n\n<li><strong>2012<\/strong><img decoding=\"async\" style=\"width: 54px;\" src=\"https:\/\/preprod.yako-fitness.com\/wp-content\/uploads\/2024\/02\/y-biking.svg\" alt=\"YAKO Biking\">Creaci\u00f3n de <strong>YAKO Biking<\/strong><\/li>\n\n\n\n<li><strong>2014<\/strong><img decoding=\"async\" style=\"width: 54px;\" src=\"https:\/\/preprod.yako-fitness.com\/wp-content\/uploads\/2024\/02\/y-intensa.svg\" alt=\"YAKO Intensa\">Creaci\u00f3n de <strong>YAKO Intensa<\/strong><\/li>\n\n\n\n<li><strong>2015<\/strong><img decoding=\"async\" style=\"width: 54px;\" src=\"https:\/\/preprod.yako-fitness.com\/wp-content\/uploads\/2024\/02\/y-up.svg\" alt=\"YAKO Up\">Creaci\u00f3n de <strong>YAKO Up<\/strong><\/li>\n\n\n\n<li><strong>2016<\/strong><img decoding=\"async\" style=\"width: 54px;\" src=\"https:\/\/preprod.yako-fitness.com\/wp-content\/uploads\/2024\/02\/y-challenge.svg\" alt=\"YAKO Challenge\">Creaci\u00f3n de <strong>YAKO Challenge<\/strong><\/li>\n\n\n\n<li><strong>2017<\/strong><img decoding=\"async\" style=\"width: 54px;\" src=\"https:\/\/preprod.yako-fitness.com\/wp-content\/uploads\/2024\/02\/y-boxing.svg\" alt=\"YAKO Boxing\">Creaci\u00f3n de <strong>YAKO Boxing<\/strong><\/li>\n\n\n\n<li><strong>2019<\/strong><img decoding=\"async\" style=\"width: 54px;\" src=\"https:\/\/preprod.yako-fitness.com\/wp-content\/uploads\/2024\/02\/y-360.svg\" alt=\"YAKO 360\">Creaci\u00f3n de <strong>YAKO 360<\/strong><\/li>\n\n\n\n<li><strong>2022<\/strong><img decoding=\"async\" style=\"width: 54px;\" src=\"https:\/\/preprod.yako-fitness.com\/wp-content\/uploads\/2024\/02\/y-moove.svg\" alt=\"YAKO Moove\">Creaci\u00f3n de <strong>YAKO Moove<\/strong><\/li>\n\n\n\n<li><strong>2022<\/strong><img decoding=\"async\" style=\"width: 54px;\" src=\"https:\/\/preprod.yako-fitness.com\/wp-content\/uploads\/2024\/02\/y-yoga.svg\" alt=\"YAKO Yoga\">Creaci\u00f3n de <strong>YAKO Yoga<\/strong><\/li>\n\n\n\n<li><strong>2023<\/strong><img decoding=\"async\" style=\"width: 54px;\" src=\"https:\/\/preprod.yako-fitness.com\/wp-content\/uploads\/2024\/02\/y-pilates.svg\" alt=\"YAKO Pilates\">Creaci\u00f3n de <strong>YAKO Pilates<\/strong><\/li>\n<\/ul>\n<\/div>\n<\/div>\n\n\n\n<div class=\"wp-block-columns galerie-photos is-layout-flex wp-container-core-columns-is-layout-9d6595d7 wp-block-columns-is-layout-flex\">\n<div class=\"wp-block-column is-layout-flow wp-block-column-is-layout-flow\" style=\"flex-basis:66.67%\">\n<figure class=\"wp-block-image size-large\"><img decoding=\"async\" width=\"1024\" height=\"1024\" src=\"https:\/\/preprod.yako-fitness.com\/wp-content\/uploads\/2024\/02\/1-DC_09986-1024x1024.jpg\" alt=\"\" class=\"wp-image-110\" srcset=\"https:\/\/preprod.yako-fitness.com\/wp-content\/uploads\/2024\/02\/1-DC_09986-1024x1024.jpg 1024w, https:\/\/preprod.yako-fitness.com\/wp-content\/uploads\/2024\/02\/1-DC_09986-768x767.jpg 768w, https:\/\/preprod.yako-fitness.com\/wp-content\/uploads\/2024\/02\/1-DC_09986.jpg 1136w\" sizes=\"(max-width: 1024px) 100vw, 1024px\" \/><\/figure>\n<\/div>\n\n\n\n<div class=\"wp-block-column is-layout-flow wp-block-column-is-layout-flow\" style=\"flex-basis:33.33%\">\n<figure class=\"wp-block-gallery has-nested-images columns-1 is-cropped wp-block-gallery-1 is-layout-flex wp-block-gallery-is-layout-flex\">\n<figure class=\"wp-block-image size-large\"><img decoding=\"async\" width=\"547\" height=\"544\" data-id=\"112\" src=\"https:\/\/preprod.yako-fitness.com\/wp-content\/uploads\/2024\/02\/2-A7408232.jpg\" alt=\"\" class=\"wp-image-112\"\/><\/figure>\n\n\n\n<figure class=\"wp-block-image size-large\"><img decoding=\"async\" width=\"547\" height=\"544\" data-id=\"114\" src=\"https:\/\/preprod.yako-fitness.com\/wp-content\/uploads\/2024\/02\/3-DC_08670.jpg\" alt=\"\" class=\"wp-image-114\" srcset=\"https:\/\/preprod.yako-fitness.com\/wp-content\/uploads\/2024\/02\/3-DC_08670.jpg 547w, https:\/\/preprod.yako-fitness.com\/wp-content\/uploads\/2024\/02\/3-DC_08670-300x298.jpg 300w\" sizes=\"(max-width: 547px) 100vw, 547px\" \/><\/figure>\n<\/figure>\n<\/div>\n<\/div>\n\n\n\n<h2 class=\"wp-block-heading has-text-align-center\" style=\"text-transform:none\"><strong>los usuarios de gimnasios<\/strong><br> en el centro del concepto<\/h2>\n\n\n\n<div class=\"wp-block-columns galerie-photos is-layout-flex wp-container-core-columns-is-layout-9d6595d7 wp-block-columns-is-layout-flex\">\n<div class=\"wp-block-column is-layout-flow wp-block-column-is-layout-flow\" style=\"flex-basis:33.33%\">\n<figure class=\"wp-block-gallery has-nested-images columns-1 is-cropped wp-block-gallery-2 is-layout-flex wp-block-gallery-is-layout-flex\">\n<figure class=\"wp-block-image size-large\"><img decoding=\"async\" width=\"547\" height=\"544\" data-id=\"116\" src=\"https:\/\/preprod.yako-fitness.com\/wp-content\/uploads\/2024\/02\/4-DC_08674.jpg\" alt=\"\" class=\"wp-image-116\" srcset=\"https:\/\/preprod.yako-fitness.com\/wp-content\/uploads\/2024\/02\/4-DC_08674.jpg 547w, https:\/\/preprod.yako-fitness.com\/wp-content\/uploads\/2024\/02\/4-DC_08674-300x298.jpg 300w\" sizes=\"(max-width: 547px) 100vw, 547px\" \/><\/figure>\n\n\n\n<figure class=\"wp-block-image size-large\"><img decoding=\"async\" width=\"547\" height=\"544\" data-id=\"118\" src=\"https:\/\/preprod.yako-fitness.com\/wp-content\/uploads\/2024\/02\/5-A7408245.jpg\" alt=\"\" class=\"wp-image-118\" srcset=\"https:\/\/preprod.yako-fitness.com\/wp-content\/uploads\/2024\/02\/5-A7408245.jpg 547w, https:\/\/preprod.yako-fitness.com\/wp-content\/uploads\/2024\/02\/5-A7408245-300x298.jpg 300w\" sizes=\"(max-width: 547px) 100vw, 547px\" \/><\/figure>\n<\/figure>\n<\/div>\n\n\n\n<div class=\"wp-block-column is-layout-flow wp-block-column-is-layout-flow\" style=\"flex-basis:66.66%\">\n<figure class=\"wp-block-image size-large\"><img decoding=\"async\" width=\"1024\" height=\"1024\" src=\"https:\/\/preprod.yako-fitness.com\/wp-content\/uploads\/2024\/02\/6-DC_07559-1024x1024.jpg\" alt=\"\" class=\"wp-image-120\" srcset=\"https:\/\/preprod.yako-fitness.com\/wp-content\/uploads\/2024\/02\/6-DC_07559-1024x1024.jpg 1024w, https:\/\/preprod.yako-fitness.com\/wp-content\/uploads\/2024\/02\/6-DC_07559-300x300.jpg 300w, https:\/\/preprod.yako-fitness.com\/wp-content\/uploads\/2024\/02\/6-DC_07559-768x767.jpg 768w, https:\/\/preprod.yako-fitness.com\/wp-content\/uploads\/2024\/02\/6-DC_07559.jpg 1136w\" sizes=\"(max-width: 1024px) 100vw, 1024px\" \/><\/figure>\n<\/div>\n<\/div>\n","protected":false},"excerpt":{"rendered":"<p>La definici\u00f3n de Yakode acuerdo R\u00e9my Huleux &#8220;Las clases colectivas YAKO no est\u00e1n asociadas a la noci\u00f3n de competici\u00f3n o rendimiento, sino que pretenden ser divertidas y sin\u00f3nimo de accesibilidad para todos, de deporte para todos. Las clases Yako son entretenimiento, diversi\u00f3n, placer, compartir y una gran variedad de conceptos&#8230; Esto no resta nada a<a href=\"https:\/\/preprod.yako-fitness.com\/es\/sobre-nosotros\">Continue reading <span class=\"sr-only\">&#8220;Sobre nosotros&#8221;<\/span><\/a><\/p>\n","protected":false},"author":2,"featured_media":628,"parent":0,"menu_order":0,"comment_status":"closed","ping_status":"closed","template":"page-video.php","meta":{"_seopress_robots_primary_cat":"","_seopress_titles_title":"","_seopress_titles_desc":"","_seopress_robots_index":"","inline_featured_image":false,"footnotes":""},"class_list":["post-1256","page","type-page","status-publish","has-post-thumbnail","hentry"],"_links":{"self":[{"href":"https:\/\/preprod.yako-fitness.com\/es\/wp-json\/wp\/v2\/pages\/1256","targetHints":{"allow":["GET"]}}],"collection":[{"href":"https:\/\/preprod.yako-fitness.com\/es\/wp-json\/wp\/v2\/pages"}],"about":[{"href":"https:\/\/preprod.yako-fitness.com\/es\/wp-json\/wp\/v2\/types\/page"}],"author":[{"embeddable":true,"href":"https:\/\/preprod.yako-fitness.com\/es\/wp-json\/wp\/v2\/users\/2"}],"replies":[{"embeddable":true,"href":"https:\/\/preprod.yako-fitness.com\/es\/wp-json\/wp\/v2\/comments?post=1256"}],"version-history":[{"count":8,"href":"https:\/\/preprod.yako-fitness.com\/es\/wp-json\/wp\/v2\/pages\/1256\/revisions"}],"predecessor-version":[{"id":1480,"href":"https:\/\/preprod.yako-fitness.com\/es\/wp-json\/wp\/v2\/pages\/1256\/revisions\/1480"}],"wp:featuredmedia":[{"embeddable":true,"href":"https:\/\/preprod.yako-fitness.com\/es\/wp-json\/wp\/v2\/media\/628"}],"wp:attachment":[{"href":"https:\/\/preprod.yako-fitness.com\/es\/wp-json\/wp\/v2\/media?parent=1256"}],"curies":[{"name":"wp","href":"https:\/\/api.w.org\/{rel}","templated":true}]}}