{"id":1306,"date":"2024-01-29T11:09:26","date_gmt":"2024-01-29T10:09:26","guid":{"rendered":"https:\/\/preprod.yako-fitness.com\/ressources"},"modified":"2024-03-22T15:30:54","modified_gmt":"2024-03-22T14:30:54","slug":"ressources","status":"publish","type":"page","link":"https:\/\/preprod.yako-fitness.com\/es\/ressources","title":{"rendered":"Prensa"},"content":{"rendered":"<nav id=\"menu-yako\" class=\"hidden lg:flex\">\n            <div class=\"bg-black text-white flex items-center p-2 rounded-l-xl\">\n                <span class=\"writing-vertical rotate-180 text-sm font-semibold \">Yako<\/span>\n            <\/div><ul class=\"bg-white py-8 pl-4 pr-2 min-w-[9rem] transition-all duration-300 hover:min-w-[14rem] shadow rounded-r-xl\"><li class=\" uppercase pb-1 font-semibold  \">\n\t\t\t\t<a class=\"flex items-center relative py-2 pr-3 rounded-xl transition-colors duration-300 hover:bg-black hover:text-white\" href=\"https:\/\/preprod.yako-fitness.com\/es\/yako\/yako-attitude-es\">\n\t\t\t\t\t\t\t\t<span class=\"yako-text items-center flex transition-transform duration-500 relative min-w-full\"> <svg class=\" ml-1.5\" enable-background=\"new 0 0 24 24\" height=\"24\" viewBox=\"0 0 24 24\" width=\"24\"\n\t\t\t\txmlns=\"http:\/\/www.w3.org\/2000\/svg\">\n\t\t\t\t\t<path fill=\"#B9D04B\"\n\t\t\t\t\td=\"m9.8 17.5c-.2 0-.4-.1-.5-.2-.3-.3-.3-.8 0-1.1l4.1-4.1c.1-.1.1-.3 0-.4l-4-4c-.3-.2-.3-.7 0-1s.8-.3 1.1 0l4 4c.7.7.7 1.8 0 2.5l-4.1 4.1c-.2.2-.4.2-.6.2z\"\n\t\t\t\t\ttransform=\"translate(0 -.02)\" \/>\n\t\t\t\t<\/svg> <span> <span class=\"normal-case yako_word\">Yako<\/span> Attitude <\/span> <span style=\"background-color: #B9D04B;\" class=\"yako-line-color absolute w-full h-px block left-0 bottom-0\"><\/span><\/span><\/a><\/li><li class=\" uppercase pb-1 font-semibold  \">\n\t\t\t\t<a class=\"flex items-center relative py-2 pr-3 rounded-xl transition-colors duration-300 hover:bg-black hover:text-white\" href=\"https:\/\/preprod.yako-fitness.com\/es\/yako\/yako-baila-es\">\n\t\t\t\t\t\t\t\t<span class=\"yako-text items-center flex transition-transform duration-500 relative min-w-full\"> <svg class=\" ml-1.5\" enable-background=\"new 0 0 24 24\" height=\"24\" viewBox=\"0 0 24 24\" width=\"24\"\n\t\t\t\txmlns=\"http:\/\/www.w3.org\/2000\/svg\">\n\t\t\t\t\t<path fill=\"#DD8D95\"\n\t\t\t\t\td=\"m9.8 17.5c-.2 0-.4-.1-.5-.2-.3-.3-.3-.8 0-1.1l4.1-4.1c.1-.1.1-.3 0-.4l-4-4c-.3-.2-.3-.7 0-1s.8-.3 1.1 0l4 4c.7.7.7 1.8 0 2.5l-4.1 4.1c-.2.2-.4.2-.6.2z\"\n\t\t\t\t\ttransform=\"translate(0 -.02)\" \/>\n\t\t\t\t<\/svg> <span> <span class=\"normal-case yako_word\">Yako<\/span> Baila <\/span> <span style=\"background-color: #DD8D95;\" class=\"yako-line-color absolute w-full h-px block left-0 bottom-0\"><\/span><\/span><\/a><\/li><li class=\" uppercase pb-1 font-semibold  \">\n\t\t\t\t<a class=\"flex items-center relative py-2 pr-3 rounded-xl transition-colors duration-300 hover:bg-black hover:text-white\" href=\"https:\/\/preprod.yako-fitness.com\/es\/yako\/yako-biking-es\">\n\t\t\t\t\t\t\t\t<span class=\"yako-text items-center flex transition-transform duration-500 relative min-w-full\"> <svg class=\" ml-1.5\" enable-background=\"new 0 0 24 24\" height=\"24\" viewBox=\"0 0 24 24\" width=\"24\"\n\t\t\t\txmlns=\"http:\/\/www.w3.org\/2000\/svg\">\n\t\t\t\t\t<path fill=\"#CAC5C4\"\n\t\t\t\t\td=\"m9.8 17.5c-.2 0-.4-.1-.5-.2-.3-.3-.3-.8 0-1.1l4.1-4.1c.1-.1.1-.3 0-.4l-4-4c-.3-.2-.3-.7 0-1s.8-.3 1.1 0l4 4c.7.7.7 1.8 0 2.5l-4.1 4.1c-.2.2-.4.2-.6.2z\"\n\t\t\t\t\ttransform=\"translate(0 -.02)\" \/>\n\t\t\t\t<\/svg> <span> <span class=\"normal-case yako_word\">Yako<\/span> Biking <\/span> <span style=\"background-color: #CAC5C4;\" class=\"yako-line-color absolute w-full h-px block left-0 bottom-0\"><\/span><\/span><\/a><\/li><li class=\" uppercase pb-1 font-semibold  \">\n\t\t\t\t<a class=\"flex items-center relative py-2 pr-3 rounded-xl transition-colors duration-300 hover:bg-black hover:text-white\" href=\"https:\/\/preprod.yako-fitness.com\/es\/yako\/yako-boxing-es\">\n\t\t\t\t\t\t\t\t<span class=\"yako-text items-center flex transition-transform duration-500 relative min-w-full\"> <svg class=\" ml-1.5\" enable-background=\"new 0 0 24 24\" height=\"24\" viewBox=\"0 0 24 24\" width=\"24\"\n\t\t\t\txmlns=\"http:\/\/www.w3.org\/2000\/svg\">\n\t\t\t\t\t<path fill=\"#B0587D\"\n\t\t\t\t\td=\"m9.8 17.5c-.2 0-.4-.1-.5-.2-.3-.3-.3-.8 0-1.1l4.1-4.1c.1-.1.1-.3 0-.4l-4-4c-.3-.2-.3-.7 0-1s.8-.3 1.1 0l4 4c.7.7.7 1.8 0 2.5l-4.1 4.1c-.2.2-.4.2-.6.2z\"\n\t\t\t\t\ttransform=\"translate(0 -.02)\" \/>\n\t\t\t\t<\/svg> <span> <span class=\"normal-case yako_word\">Yako<\/span> Boxing <\/span> <span style=\"background-color: #B0587D;\" class=\"yako-line-color absolute w-full h-px block left-0 bottom-0\"><\/span><\/span><\/a><\/li><li class=\" uppercase pb-1 font-semibold  \">\n\t\t\t\t<a class=\"flex items-center relative py-2 pr-3 rounded-xl transition-colors duration-300 hover:bg-black hover:text-white\" href=\"https:\/\/preprod.yako-fitness.com\/es\/yako\/yako-challenge-es\">\n\t\t\t\t\t\t\t\t<span class=\"yako-text items-center flex transition-transform duration-500 relative min-w-full\"> <svg class=\" ml-1.5\" enable-background=\"new 0 0 24 24\" height=\"24\" viewBox=\"0 0 24 24\" width=\"24\"\n\t\t\t\txmlns=\"http:\/\/www.w3.org\/2000\/svg\">\n\t\t\t\t\t<path fill=\"#E59E2D\"\n\t\t\t\t\td=\"m9.8 17.5c-.2 0-.4-.1-.5-.2-.3-.3-.3-.8 0-1.1l4.1-4.1c.1-.1.1-.3 0-.4l-4-4c-.3-.2-.3-.7 0-1s.8-.3 1.1 0l4 4c.7.7.7 1.8 0 2.5l-4.1 4.1c-.2.2-.4.2-.6.2z\"\n\t\t\t\t\ttransform=\"translate(0 -.02)\" \/>\n\t\t\t\t<\/svg> <span> <span class=\"normal-case yako_word\">Yako<\/span> Challenge <\/span> <span style=\"background-color: #E59E2D;\" class=\"yako-line-color absolute w-full h-px block left-0 bottom-0\"><\/span><\/span><\/a><\/li><li class=\" uppercase pb-1 font-semibold  \">\n\t\t\t\t<a class=\"flex items-center relative py-2 pr-3 rounded-xl transition-colors duration-300 hover:bg-black hover:text-white\" href=\"https:\/\/preprod.yako-fitness.com\/es\/yako\/yako-combat-es\">\n\t\t\t\t\t\t\t\t<span class=\"yako-text items-center flex transition-transform duration-500 relative min-w-full\"> <svg class=\" ml-1.5\" enable-background=\"new 0 0 24 24\" height=\"24\" viewBox=\"0 0 24 24\" width=\"24\"\n\t\t\t\txmlns=\"http:\/\/www.w3.org\/2000\/svg\">\n\t\t\t\t\t<path fill=\"#E62D27\"\n\t\t\t\t\td=\"m9.8 17.5c-.2 0-.4-.1-.5-.2-.3-.3-.3-.8 0-1.1l4.1-4.1c.1-.1.1-.3 0-.4l-4-4c-.3-.2-.3-.7 0-1s.8-.3 1.1 0l4 4c.7.7.7 1.8 0 2.5l-4.1 4.1c-.2.2-.4.2-.6.2z\"\n\t\t\t\t\ttransform=\"translate(0 -.02)\" \/>\n\t\t\t\t<\/svg> <span> <span class=\"normal-case yako_word\">Yako<\/span> Combat <\/span> <span style=\"background-color: #E62D27;\" class=\"yako-line-color absolute w-full h-px block left-0 bottom-0\"><\/span><\/span><\/a><\/li><li class=\" uppercase pb-1 font-semibold  \">\n\t\t\t\t<a class=\"flex items-center relative py-2 pr-3 rounded-xl transition-colors duration-300 hover:bg-black hover:text-white\" href=\"https:\/\/preprod.yako-fitness.com\/es\/yako\/yako-pilates-es\">\n\t\t\t\t\t\t\t\t<span class=\"yako-text items-center flex transition-transform duration-500 relative min-w-full\"> <svg class=\" ml-1.5\" enable-background=\"new 0 0 24 24\" height=\"24\" viewBox=\"0 0 24 24\" width=\"24\"\n\t\t\t\txmlns=\"http:\/\/www.w3.org\/2000\/svg\">\n\t\t\t\t\t<path fill=\"#EABCBB\"\n\t\t\t\t\td=\"m9.8 17.5c-.2 0-.4-.1-.5-.2-.3-.3-.3-.8 0-1.1l4.1-4.1c.1-.1.1-.3 0-.4l-4-4c-.3-.2-.3-.7 0-1s.8-.3 1.1 0l4 4c.7.7.7 1.8 0 2.5l-4.1 4.1c-.2.2-.4.2-.6.2z\"\n\t\t\t\t\ttransform=\"translate(0 -.02)\" \/>\n\t\t\t\t<\/svg> <span> <span class=\"normal-case yako_word\">Yako<\/span> Pilates <\/span> <span style=\"background-color: #EABCBB;\" class=\"yako-line-color absolute w-full h-px block left-0 bottom-0\"><\/span><\/span><\/a><\/li><li class=\" uppercase pb-1 font-semibold  \">\n\t\t\t\t<a class=\"flex items-center relative py-2 pr-3 rounded-xl transition-colors duration-300 hover:bg-black hover:text-white\" href=\"https:\/\/preprod.yako-fitness.com\/es\/yako\/yako-pump-es\">\n\t\t\t\t\t\t\t\t<span class=\"yako-text items-center flex transition-transform duration-500 relative min-w-full\"> <svg class=\" ml-1.5\" enable-background=\"new 0 0 24 24\" height=\"24\" viewBox=\"0 0 24 24\" width=\"24\"\n\t\t\t\txmlns=\"http:\/\/www.w3.org\/2000\/svg\">\n\t\t\t\t\t<path fill=\"#F9DD0C\"\n\t\t\t\t\td=\"m9.8 17.5c-.2 0-.4-.1-.5-.2-.3-.3-.3-.8 0-1.1l4.1-4.1c.1-.1.1-.3 0-.4l-4-4c-.3-.2-.3-.7 0-1s.8-.3 1.1 0l4 4c.7.7.7 1.8 0 2.5l-4.1 4.1c-.2.2-.4.2-.6.2z\"\n\t\t\t\t\ttransform=\"translate(0 -.02)\" \/>\n\t\t\t\t<\/svg> <span> <span class=\"normal-case yako_word\">Yako<\/span> Pump <\/span> <span style=\"background-color: #F9DD0C;\" class=\"yako-line-color absolute w-full h-px block left-0 bottom-0\"><\/span><\/span><\/a><\/li><li class=\" uppercase pb-1 font-semibold  \">\n\t\t\t\t<a class=\"flex items-center relative py-2 pr-3 rounded-xl transition-colors duration-300 hover:bg-black hover:text-white\" href=\"https:\/\/preprod.yako-fitness.com\/es\/yako\/yako-up-es\">\n\t\t\t\t\t\t\t\t<span class=\"yako-text items-center flex transition-transform duration-500 relative min-w-full\"> <svg class=\" ml-1.5\" enable-background=\"new 0 0 24 24\" height=\"24\" viewBox=\"0 0 24 24\" width=\"24\"\n\t\t\t\txmlns=\"http:\/\/www.w3.org\/2000\/svg\">\n\t\t\t\t\t<path fill=\"#77CBEA\"\n\t\t\t\t\td=\"m9.8 17.5c-.2 0-.4-.1-.5-.2-.3-.3-.3-.8 0-1.1l4.1-4.1c.1-.1.1-.3 0-.4l-4-4c-.3-.2-.3-.7 0-1s.8-.3 1.1 0l4 4c.7.7.7 1.8 0 2.5l-4.1 4.1c-.2.2-.4.2-.6.2z\"\n\t\t\t\t\ttransform=\"translate(0 -.02)\" \/>\n\t\t\t\t<\/svg> <span> <span class=\"normal-case yako_word\">Yako<\/span> Up <\/span> <span style=\"background-color: #77CBEA;\" class=\"yako-line-color absolute w-full h-px block left-0 bottom-0\"><\/span><\/span><\/a><\/li><li class=\" uppercase pb-1 font-semibold  \">\n\t\t\t\t<a class=\"flex items-center relative py-2 pr-3 rounded-xl transition-colors duration-300 hover:bg-black hover:text-white\" href=\"https:\/\/preprod.yako-fitness.com\/es\/yako\/yako-yoga-es\">\n\t\t\t\t\t\t\t\t<span class=\"yako-text items-center flex transition-transform duration-500 relative min-w-full\"> <svg class=\" ml-1.5\" enable-background=\"new 0 0 24 24\" height=\"24\" viewBox=\"0 0 24 24\" width=\"24\"\n\t\t\t\txmlns=\"http:\/\/www.w3.org\/2000\/svg\">\n\t\t\t\t\t<path fill=\"#F6AB7B\"\n\t\t\t\t\td=\"m9.8 17.5c-.2 0-.4-.1-.5-.2-.3-.3-.3-.8 0-1.1l4.1-4.1c.1-.1.1-.3 0-.4l-4-4c-.3-.2-.3-.7 0-1s.8-.3 1.1 0l4 4c.7.7.7 1.8 0 2.5l-4.1 4.1c-.2.2-.4.2-.6.2z\"\n\t\t\t\t\ttransform=\"translate(0 -.02)\" \/>\n\t\t\t\t<\/svg> <span> <span class=\"normal-case yako_word\">Yako<\/span> Yoga <\/span> <span style=\"background-color: #F6AB7B;\" class=\"yako-line-color absolute w-full h-px block left-0 bottom-0\"><\/span><\/span><\/a><\/li><\/ul><\/nav>\n\n\n\n<div class=\"wp-block-group little-width is-layout-constrained wp-block-group-is-layout-constrained\">\n<p>KIT DE COMUNICACI\u00d3N<\/p>\n\n\n\n<h2 class=\"wp-block-heading\">Medios de comunicaci\u00f3n<\/h2>\n\n\n\n<p>El grupo l&#8217;Orange bleue pone a su disposici\u00f3n un media kit, diversas herramientas de comunicaci\u00f3n para promover la marca YAKO y sesiones de formaci\u00f3n para entrenadores deportivos.<\/p>\n\n\n\n<p>No dude en ponerse en contacto con nosotros si tiene alguna pregunta.<\/p>\n\n\n\n<p>Documentos para descargar :<\/p>\n\n\n\n<hr class=\"wp-block-separator has-alpha-channel-opacity\"\/>\n\n\n\n<div class=\"wp-block-buttons is-layout-flex wp-block-buttons-is-layout-flex\">\n<div class=\"wp-block-button\"><a class=\"wp-block-button__link wp-element-button\" href=\"#\">Kit m\u00e9dia &#8211; Yako Fitness 2024 ( A venir )<\/a><\/div>\n<\/div>\n<\/div>\n","protected":false},"excerpt":{"rendered":"<p>KIT DE COMUNICACI\u00d3N Medios de comunicaci\u00f3n El grupo l&#8217;Orange bleue pone a su disposici\u00f3n un media kit, diversas herramientas de comunicaci\u00f3n para promover la marca YAKO y sesiones de formaci\u00f3n para entrenadores deportivos. No dude en ponerse en contacto con nosotros si tiene alguna pregunta. Documentos para descargar :<\/p>\n","protected":false},"author":2,"featured_media":0,"parent":0,"menu_order":0,"comment_status":"closed","ping_status":"closed","template":"","meta":{"_seopress_robots_primary_cat":"","_seopress_titles_title":"","_seopress_titles_desc":"","_seopress_robots_index":"","inline_featured_image":false,"footnotes":""},"class_list":["post-1306","page","type-page","status-publish","hentry"],"_links":{"self":[{"href":"https:\/\/preprod.yako-fitness.com\/es\/wp-json\/wp\/v2\/pages\/1306","targetHints":{"allow":["GET"]}}],"collection":[{"href":"https:\/\/preprod.yako-fitness.com\/es\/wp-json\/wp\/v2\/pages"}],"about":[{"href":"https:\/\/preprod.yako-fitness.com\/es\/wp-json\/wp\/v2\/types\/page"}],"author":[{"embeddable":true,"href":"https:\/\/preprod.yako-fitness.com\/es\/wp-json\/wp\/v2\/users\/2"}],"replies":[{"embeddable":true,"href":"https:\/\/preprod.yako-fitness.com\/es\/wp-json\/wp\/v2\/comments?post=1306"}],"version-history":[{"count":2,"href":"https:\/\/preprod.yako-fitness.com\/es\/wp-json\/wp\/v2\/pages\/1306\/revisions"}],"predecessor-version":[{"id":1354,"href":"https:\/\/preprod.yako-fitness.com\/es\/wp-json\/wp\/v2\/pages\/1306\/revisions\/1354"}],"wp:attachment":[{"href":"https:\/\/preprod.yako-fitness.com\/es\/wp-json\/wp\/v2\/media?parent=1306"}],"curies":[{"name":"wp","href":"https:\/\/api.w.org\/{rel}","templated":true}]}}