{"id":1322,"date":"2024-01-29T16:01:41","date_gmt":"2024-01-29T15:01:41","guid":{"rendered":"https:\/\/preprod.yako-fitness.com\/protection-des-donnees"},"modified":"2024-03-21T15:10:46","modified_gmt":"2024-03-21T14:10:46","slug":"privacidad","status":"publish","type":"page","link":"https:\/\/preprod.yako-fitness.com\/es\/privacidad","title":{"rendered":"Privacidad"},"content":{"rendered":"\n<div class=\"wp-block-columns is-layout-flex wp-container-core-columns-is-layout-9d6595d7 wp-block-columns-is-layout-flex\">\n<div class=\"wp-block-column is-layout-flow wp-block-column-is-layout-flow\" style=\"flex-basis:25%\"><\/div>\n\n\n\n<div class=\"wp-block-column is-layout-flow wp-block-column-is-layout-flow\" style=\"flex-basis:50%\">\n<h2 class=\"wp-block-heading\">A propos des cookies<\/h2>\n\n\n\n<p>Ce site est susceptible d\u2019utiliser des fichiers (cookies) d\u00e9pos\u00e9s dans l\u2019ordinateur du visiteur. Les cookies ont pour objectif de faire fonctionner le site (m\u00e9morisation de la langue, etc.) mais aussi de mesurer la fr\u00e9quentation du site et d\u2019analyser les comportements de navigation (consultation de pages, heure et date de consultation, etc.).<br><br>Les visiteurs peuvent s\u2019opposer \u00e0 l\u2019enregistrement des \u00ab cookies \u00bb en param\u00e9trant leur navigateur. Cependant, certaines fonctionnalit\u00e9s du site ne pourront plus \u00eatre utilis\u00e9es si les visiteurs en refuse l\u2019installation..<\/p>\n\n\n\n<h2 class=\"wp-block-heading\">Politique de confidentialit\u00e9<\/h2>\n\n\n\n<p>Notre politique de confidentialit\u00e9 d\u00e9finie la mani\u00e8re dont nous utilisons et prot\u00e9geons les informations que vous nous communiquez lorsque vous utilisez notre site. Nous veillons \u00e0 ce que votre vie priv\u00e9e soit prot\u00e9g\u00e9e. Les informations recueillies lors de votre navigation sur notre site web seront utilis\u00e9es conform\u00e9ment \u00e0 la pr\u00e9sente d\u00e9claration de confidentialit\u00e9. Cette derni\u00e8re peut \u00eatre amen\u00e9e \u00e0 \u00e9voluer. N\u2019h\u00e9sitez pas \u00e0 consulter cette page r\u00e9guli\u00e8rement pour vous assurer que vous \u00eates satisfait de ces \u00e9volutions.<\/p>\n<\/div>\n\n\n\n<div class=\"wp-block-column is-layout-flow wp-block-column-is-layout-flow\" style=\"flex-basis:25%\"><\/div>\n<\/div>\n","protected":false},"excerpt":{"rendered":"<p>A propos des cookies Ce site est susceptible d\u2019utiliser des fichiers (cookies) d\u00e9pos\u00e9s dans l\u2019ordinateur du visiteur. Les cookies ont pour objectif de faire fonctionner le site (m\u00e9morisation de la langue, etc.) mais aussi de mesurer la fr\u00e9quentation du site et d\u2019analyser les comportements de navigation (consultation de pages, heure et date de consultation, etc.).<a href=\"https:\/\/preprod.yako-fitness.com\/es\/privacidad\">Continue reading <span class=\"sr-only\">&#8220;Privacidad&#8221;<\/span><\/a><\/p>\n","protected":false},"author":2,"featured_media":0,"parent":0,"menu_order":0,"comment_status":"closed","ping_status":"closed","template":"","meta":{"_seopress_robots_primary_cat":"","_seopress_titles_title":"","_seopress_titles_desc":"","_seopress_robots_index":"","inline_featured_image":false,"footnotes":""},"class_list":["post-1322","page","type-page","status-publish","hentry"],"_links":{"self":[{"href":"https:\/\/preprod.yako-fitness.com\/es\/wp-json\/wp\/v2\/pages\/1322","targetHints":{"allow":["GET"]}}],"collection":[{"href":"https:\/\/preprod.yako-fitness.com\/es\/wp-json\/wp\/v2\/pages"}],"about":[{"href":"https:\/\/preprod.yako-fitness.com\/es\/wp-json\/wp\/v2\/types\/page"}],"author":[{"embeddable":true,"href":"https:\/\/preprod.yako-fitness.com\/es\/wp-json\/wp\/v2\/users\/2"}],"replies":[{"embeddable":true,"href":"https:\/\/preprod.yako-fitness.com\/es\/wp-json\/wp\/v2\/comments?post=1322"}],"version-history":[{"count":1,"href":"https:\/\/preprod.yako-fitness.com\/es\/wp-json\/wp\/v2\/pages\/1322\/revisions"}],"predecessor-version":[{"id":1323,"href":"https:\/\/preprod.yako-fitness.com\/es\/wp-json\/wp\/v2\/pages\/1322\/revisions\/1323"}],"wp:attachment":[{"href":"https:\/\/preprod.yako-fitness.com\/es\/wp-json\/wp\/v2\/media?parent=1322"}],"curies":[{"name":"wp","href":"https:\/\/api.w.org\/{rel}","templated":true}]}}